{"id":42,"date":"2017-06-23T14:13:43","date_gmt":"2017-06-23T13:13:43","guid":{"rendered":"http:\/\/scaer-couverture.bzh\/?page_id=42"},"modified":"2023-02-27T15:15:43","modified_gmt":"2023-02-27T14:15:43","slug":"bardage","status":"publish","type":"page","link":"https:\/\/scaer-couverture.bzh\/?page_id=42","title":{"rendered":"Bardage \/ ITE"},"content":{"rendered":"\n<div class=\"wp-block-media-text alignwide has-media-on-the-right is-stacked-on-mobile\" style=\"grid-template-columns:auto 21%\"><figure class=\"wp-block-media-text__media\"><img loading=\"lazy\" width=\"1024\" height=\"905\" src=\"https:\/\/scaer-couverture.bzh\/wp-content\/uploads\/2021\/01\/Qualibat-RGE-Logo-1024x905.jpg\" alt=\"\" class=\"wp-image-106 size-full\" srcset=\"https:\/\/scaer-couverture.bzh\/wp-content\/uploads\/2021\/01\/Qualibat-RGE-Logo-1024x905.jpg 1024w, https:\/\/scaer-couverture.bzh\/wp-content\/uploads\/2021\/01\/Qualibat-RGE-Logo-300x265.jpg 300w, https:\/\/scaer-couverture.bzh\/wp-content\/uploads\/2021\/01\/Qualibat-RGE-Logo-768x679.jpg 768w, https:\/\/scaer-couverture.bzh\/wp-content\/uploads\/2021\/01\/Qualibat-RGE-Logo-1536x1357.jpg 1536w, https:\/\/scaer-couverture.bzh\/wp-content\/uploads\/2021\/01\/Qualibat-RGE-Logo.jpg 1900w\" sizes=\"(max-width: 1024px) 100vw, 1024px\" \/><\/figure><div class=\"wp-block-media-text__content\">\n<p class=\"has-text-align-center\">Que ce soit pour des raisons esth\u00e9tiques ou pour la r\u00e9novation \u00e9nerg\u00e9tique du b\u00e2timent, nous vous proposons une large gamme de finitions de bardages dans diff\u00e9rents mat\u00e9riaux.&nbsp;&nbsp;<\/p>\n\n\n\n<p class=\"has-text-align-center\">Nous vous proposerons les produits les plus adapt\u00e9s \u00e0 votre projet et votre budget.<\/p>\n\n\n\n<p class=\"has-text-align-center\">Gr\u00e2ce au label RGE Qualibat, Ma\u00e9va Parent Couverture vous ouvre droit \u00e0 des cr\u00e9dits d\u2019imp\u00f4t dans le cadre de la&nbsp; r\u00e9novation \u00e9nerg\u00e9tique de votre logement.<\/p>\n<\/div><\/div>\n\n\n\n<hr class=\"wp-block-separator\"\/>\n\n\n\n<figure class=\"wp-block-gallery columns-2 is-cropped\"><ul class=\"blocks-gallery-grid\"><li class=\"blocks-gallery-item\"><figure><img loading=\"lazy\" width=\"600\" height=\"600\" src=\"https:\/\/scaer-couverture.bzh\/wp-content\/uploads\/2021\/01\/20245773_267463703752669_8301233737076182669_n.jpg\" alt=\"\" data-id=\"107\" data-full-url=\"https:\/\/scaer-couverture.bzh\/wp-content\/uploads\/2021\/01\/20245773_267463703752669_8301233737076182669_n.jpg\" data-link=\"https:\/\/scaer-couverture.bzh\/?attachment_id=107\" class=\"wp-image-107\" srcset=\"https:\/\/scaer-couverture.bzh\/wp-content\/uploads\/2021\/01\/20245773_267463703752669_8301233737076182669_n.jpg 600w, https:\/\/scaer-couverture.bzh\/wp-content\/uploads\/2021\/01\/20245773_267463703752669_8301233737076182669_n-300x300.jpg 300w, https:\/\/scaer-couverture.bzh\/wp-content\/uploads\/2021\/01\/20245773_267463703752669_8301233737076182669_n-150x150.jpg 150w, https:\/\/scaer-couverture.bzh\/wp-content\/uploads\/2021\/01\/20245773_267463703752669_8301233737076182669_n-230x230.jpg 230w, https:\/\/scaer-couverture.bzh\/wp-content\/uploads\/2021\/01\/20245773_267463703752669_8301233737076182669_n-330x330.jpg 330w\" sizes=\"(max-width: 600px) 100vw, 600px\" \/><figcaption class=\"blocks-gallery-item__caption\">Ardoise naturelle<\/figcaption><\/figure><\/li><li class=\"blocks-gallery-item\"><figure><img loading=\"lazy\" width=\"379\" height=\"275\" src=\"https:\/\/scaer-couverture.bzh\/wp-content\/uploads\/2021\/01\/zinc.jpg\" alt=\"\" data-id=\"109\" data-full-url=\"https:\/\/scaer-couverture.bzh\/wp-content\/uploads\/2021\/01\/zinc.jpg\" data-link=\"https:\/\/scaer-couverture.bzh\/?attachment_id=109\" class=\"wp-image-109\" srcset=\"https:\/\/scaer-couverture.bzh\/wp-content\/uploads\/2021\/01\/zinc.jpg 379w, https:\/\/scaer-couverture.bzh\/wp-content\/uploads\/2021\/01\/zinc-300x218.jpg 300w\" sizes=\"(max-width: 379px) 100vw, 379px\" \/><figcaption class=\"blocks-gallery-item__caption\">zinc \/ Aluminium<\/figcaption><\/figure><\/li><\/ul><\/figure>\n\n\n\n<hr class=\"wp-block-separator\"\/>\n\n\n\n<h4 class=\"has-text-align-center\">Avantages de l&rsquo;isolation thermique par l&rsquo;ext\u00e9rieur :<\/h4>\n\n\n\n<hr class=\"wp-block-separator\"\/>\n\n\n\n<ul><li>Isolation thermique performante pour une r\u00e9duction des d\u00e9penses \u00e9nerg\u00e9tiques<\/li><li>Gain d&rsquo;\u00e9tanch\u00e9it\u00e9 et suppression des ponts thermiques<\/li><li>Maintien de la surface habitable, murs int\u00e9rieurs inchang\u00e9s<\/li><li>Logement habitable sans d\u00e9sagr\u00e9ments pendant le chantier<\/li><li>Changement d&rsquo;aspect ext\u00e9rieur de votre maison<\/li><\/ul>\n\n\n\n<hr class=\"wp-block-separator\"\/>\n\n\n\n<ul class=\"wp-block-social-links alignright\"><li class=\"wp-social-link wp-social-link-facebook wp-block-social-link\"><a href=\"https:\/\/www.facebook.com\/Ma%C3%A9va-PARENT-Couverture-266641990501507\" aria-label=\"Facebook\" > <svg width=\"24\" height=\"24\" viewBox=\"0 0 24 24\" version=\"1.1\" xmlns=\"http:\/\/www.w3.org\/2000\/svg\" role=\"img\" aria-hidden=\"true\" focusable=\"false\"><path d=\"M12 2C6.5 2 2 6.5 2 12c0 5 3.7 9.1 8.4 9.9v-7H7.9V12h2.5V9.8c0-2.5 1.5-3.9 3.8-3.9 1.1 0 2.2.2 2.2.2v2.5h-1.3c-1.2 0-1.6.8-1.6 1.6V12h2.8l-.4 2.9h-2.3v7C18.3 21.1 22 17 22 12c0-5.5-4.5-10-10-10z\"><\/path><\/svg><\/a><\/li><\/ul>\n\n\n\n<hr class=\"wp-block-separator\"\/>\n","protected":false},"excerpt":{"rendered":"<p>Que ce soit pour des raisons esth\u00e9tiques ou pour la r\u00e9novation \u00e9nerg\u00e9tique du b\u00e2timent, nous vous proposons une large gamme de finitions de bardages dans diff\u00e9rents mat\u00e9riaux.&nbsp;&nbsp; Nous vous proposerons les produits les plus adapt\u00e9s \u00e0 votre projet et votre<\/p>\n","protected":false},"author":1,"featured_media":0,"parent":0,"menu_order":0,"comment_status":"closed","ping_status":"closed","template":"","meta":[],"_links":{"self":[{"href":"https:\/\/scaer-couverture.bzh\/index.php?rest_route=\/wp\/v2\/pages\/42"}],"collection":[{"href":"https:\/\/scaer-couverture.bzh\/index.php?rest_route=\/wp\/v2\/pages"}],"about":[{"href":"https:\/\/scaer-couverture.bzh\/index.php?rest_route=\/wp\/v2\/types\/page"}],"author":[{"embeddable":true,"href":"https:\/\/scaer-couverture.bzh\/index.php?rest_route=\/wp\/v2\/users\/1"}],"replies":[{"embeddable":true,"href":"https:\/\/scaer-couverture.bzh\/index.php?rest_route=%2Fwp%2Fv2%2Fcomments&post=42"}],"version-history":[{"count":6,"href":"https:\/\/scaer-couverture.bzh\/index.php?rest_route=\/wp\/v2\/pages\/42\/revisions"}],"predecessor-version":[{"id":252,"href":"https:\/\/scaer-couverture.bzh\/index.php?rest_route=\/wp\/v2\/pages\/42\/revisions\/252"}],"wp:attachment":[{"href":"https:\/\/scaer-couverture.bzh\/index.php?rest_route=%2Fwp%2Fv2%2Fmedia&parent=42"}],"curies":[{"name":"wp","href":"https:\/\/api.w.org\/{rel}","templated":true}]}}