{"id":2,"date":"2017-06-14T20:27:55","date_gmt":"2017-06-14T19:27:55","guid":{"rendered":"http:\/\/scaer-couverture.bzh\/?page_id=2"},"modified":"2026-02-16T09:51:06","modified_gmt":"2026-02-16T08:51:06","slug":"page-d-exemple","status":"publish","type":"page","link":"https:\/\/scaer-couverture.bzh\/?page_id=2","title":{"rendered":"Couverture Zinguerie"},"content":{"rendered":"\n<p class=\"has-text-align-center\">Que ce soit pour des projets neufs ou de r\u00e9novation, b\u00e9n\u00e9ficiez de notre savoir faire et de notre professionnalisme pour vos diff\u00e9rents travaux de couverture et de zinguerie.<\/p>\n\n\n\n<p class=\"has-text-align-center\">Nous r\u00e9alisons \u00e9galement la pose et le remplacement de goutti\u00e8res, cheneaux &#8230;<\/p>\n\n\n\n<p class=\"has-text-align-center\">Nous vous proposerons une large gamme de mat\u00e9riaux pour une toiture de qualit\u00e9, le tout adapt\u00e9 \u00e0 votre budget et aux contraintes techniques de votre projet et mis en \u0153uvre dans les r\u00e8gles de l&rsquo;art.<\/p>\n\n\n\n<p class=\"has-text-align-center\">Nous intervenons aussi pour la cr\u00e9ation et le remplacement de fen\u00eatres de toit.<\/p>\n\n\n\n<hr class=\"wp-block-separator\"\/>\n\n\n\n<figure class=\"wp-block-gallery columns-2 is-cropped\"><ul class=\"blocks-gallery-grid\"><li class=\"blocks-gallery-item\"><figure><img loading=\"lazy\" width=\"1024\" height=\"768\" src=\"https:\/\/scaer-couverture.bzh\/wp-content\/uploads\/2021\/01\/137368747_1338612946471423_6770593893621859818_n-2-1024x768.jpg\" alt=\"\" data-id=\"97\" data-full-url=\"https:\/\/scaer-couverture.bzh\/wp-content\/uploads\/2021\/01\/137368747_1338612946471423_6770593893621859818_n-2-scaled.jpg\" data-link=\"https:\/\/scaer-couverture.bzh\/?attachment_id=97\" class=\"wp-image-97\" srcset=\"https:\/\/scaer-couverture.bzh\/wp-content\/uploads\/2021\/01\/137368747_1338612946471423_6770593893621859818_n-2-1024x768.jpg 1024w, https:\/\/scaer-couverture.bzh\/wp-content\/uploads\/2021\/01\/137368747_1338612946471423_6770593893621859818_n-2-300x225.jpg 300w, https:\/\/scaer-couverture.bzh\/wp-content\/uploads\/2021\/01\/137368747_1338612946471423_6770593893621859818_n-2-768x576.jpg 768w, https:\/\/scaer-couverture.bzh\/wp-content\/uploads\/2021\/01\/137368747_1338612946471423_6770593893621859818_n-2-1536x1152.jpg 1536w, https:\/\/scaer-couverture.bzh\/wp-content\/uploads\/2021\/01\/137368747_1338612946471423_6770593893621859818_n-2-2048x1536.jpg 2048w\" sizes=\"(max-width: 1024px) 100vw, 1024px\" \/><figcaption class=\"blocks-gallery-item__caption\">Toiture ardoise naturelle<\/figcaption><\/figure><\/li><li class=\"blocks-gallery-item\"><figure><img loading=\"lazy\" width=\"1024\" height=\"768\" src=\"https:\/\/scaer-couverture.bzh\/wp-content\/uploads\/2021\/01\/66424039_641725339659835_6019801156774002688_o-1-1024x768.jpg\" alt=\"\" data-id=\"95\" data-full-url=\"https:\/\/scaer-couverture.bzh\/wp-content\/uploads\/2021\/01\/66424039_641725339659835_6019801156774002688_o-1.jpg\" data-link=\"https:\/\/scaer-couverture.bzh\/?attachment_id=95\" class=\"wp-image-95\" srcset=\"https:\/\/scaer-couverture.bzh\/wp-content\/uploads\/2021\/01\/66424039_641725339659835_6019801156774002688_o-1-1024x768.jpg 1024w, https:\/\/scaer-couverture.bzh\/wp-content\/uploads\/2021\/01\/66424039_641725339659835_6019801156774002688_o-1-300x225.jpg 300w, https:\/\/scaer-couverture.bzh\/wp-content\/uploads\/2021\/01\/66424039_641725339659835_6019801156774002688_o-1-768x576.jpg 768w, https:\/\/scaer-couverture.bzh\/wp-content\/uploads\/2021\/01\/66424039_641725339659835_6019801156774002688_o-1.jpg 1440w\" sizes=\"(max-width: 1024px) 100vw, 1024px\" \/><figcaption class=\"blocks-gallery-item__caption\">Toiture Zinc \/ Aluminium <\/figcaption><\/figure><\/li><\/ul><\/figure>\n\n\n\n<figure class=\"wp-block-gallery columns-1 is-cropped\"><ul class=\"blocks-gallery-grid\"><li class=\"blocks-gallery-item\"><figure><img loading=\"lazy\" width=\"1024\" height=\"647\" src=\"https:\/\/scaer-couverture.bzh\/wp-content\/uploads\/2021\/01\/coupe-1024x647.jpg\" alt=\"\" data-id=\"99\" data-full-url=\"https:\/\/scaer-couverture.bzh\/wp-content\/uploads\/2021\/01\/coupe.jpg\" data-link=\"https:\/\/scaer-couverture.bzh\/?attachment_id=99\" class=\"wp-image-99\" srcset=\"https:\/\/scaer-couverture.bzh\/wp-content\/uploads\/2021\/01\/coupe-1024x647.jpg 1024w, https:\/\/scaer-couverture.bzh\/wp-content\/uploads\/2021\/01\/coupe-300x190.jpg 300w, https:\/\/scaer-couverture.bzh\/wp-content\/uploads\/2021\/01\/coupe-768x486.jpg 768w, https:\/\/scaer-couverture.bzh\/wp-content\/uploads\/2021\/01\/coupe.jpg 1153w\" sizes=\"(max-width: 1024px) 100vw, 1024px\" \/><figcaption class=\"blocks-gallery-item__caption\">Fen\u00eatre de toit<\/figcaption><\/figure><\/li><\/ul><\/figure>\n\n\n\n<figure class=\"wp-block-gallery columns-2 is-cropped\"><ul class=\"blocks-gallery-grid\"><li class=\"blocks-gallery-item\"><figure><img loading=\"lazy\" width=\"1024\" height=\"768\" src=\"https:\/\/scaer-couverture.bzh\/wp-content\/uploads\/2021\/01\/Cheneau-gouttiere-de-toit-1-1024x768.jpg\" alt=\"\" data-id=\"102\" data-full-url=\"https:\/\/scaer-couverture.bzh\/wp-content\/uploads\/2021\/01\/Cheneau-gouttiere-de-toit-1.jpg\" data-link=\"https:\/\/scaer-couverture.bzh\/?attachment_id=102\" class=\"wp-image-102\" srcset=\"https:\/\/scaer-couverture.bzh\/wp-content\/uploads\/2021\/01\/Cheneau-gouttiere-de-toit-1-1024x768.jpg 1024w, https:\/\/scaer-couverture.bzh\/wp-content\/uploads\/2021\/01\/Cheneau-gouttiere-de-toit-1-300x225.jpg 300w, https:\/\/scaer-couverture.bzh\/wp-content\/uploads\/2021\/01\/Cheneau-gouttiere-de-toit-1-768x576.jpg 768w, https:\/\/scaer-couverture.bzh\/wp-content\/uploads\/2021\/01\/Cheneau-gouttiere-de-toit-1-1536x1152.jpg 1536w, https:\/\/scaer-couverture.bzh\/wp-content\/uploads\/2021\/01\/Cheneau-gouttiere-de-toit-1-2048x1536.jpg 2048w\" sizes=\"(max-width: 1024px) 100vw, 1024px\" \/><figcaption class=\"blocks-gallery-item__caption\">Goutti\u00e8res et descentes<\/figcaption><\/figure><\/li><li class=\"blocks-gallery-item\"><figure><img loading=\"lazy\" width=\"714\" height=\"588\" src=\"https:\/\/scaer-couverture.bzh\/wp-content\/uploads\/2021\/01\/restaurtion-patrimoine.jpg\" alt=\"\" data-id=\"103\" data-full-url=\"https:\/\/scaer-couverture.bzh\/wp-content\/uploads\/2021\/01\/restaurtion-patrimoine.jpg\" data-link=\"https:\/\/scaer-couverture.bzh\/?attachment_id=103\" class=\"wp-image-103\" srcset=\"https:\/\/scaer-couverture.bzh\/wp-content\/uploads\/2021\/01\/restaurtion-patrimoine.jpg 714w, https:\/\/scaer-couverture.bzh\/wp-content\/uploads\/2021\/01\/restaurtion-patrimoine-300x247.jpg 300w\" sizes=\"(max-width: 714px) 100vw, 714px\" \/><figcaption class=\"blocks-gallery-item__caption\">Restauration du patrimoine<\/figcaption><\/figure><\/li><\/ul><\/figure>\n\n\n\n<ul class=\"wp-block-social-links alignright\"><li class=\"wp-social-link wp-social-link-facebook wp-block-social-link\"><a href=\"https:\/\/www.facebook.com\/Ma%C3%A9va-PARENT-Couverture-266641990501507\" aria-label=\"Facebook\" > <svg width=\"24\" height=\"24\" viewBox=\"0 0 24 24\" version=\"1.1\" xmlns=\"http:\/\/www.w3.org\/2000\/svg\" role=\"img\" aria-hidden=\"true\" focusable=\"false\"><path d=\"M12 2C6.5 2 2 6.5 2 12c0 5 3.7 9.1 8.4 9.9v-7H7.9V12h2.5V9.8c0-2.5 1.5-3.9 3.8-3.9 1.1 0 2.2.2 2.2.2v2.5h-1.3c-1.2 0-1.6.8-1.6 1.6V12h2.8l-.4 2.9h-2.3v7C18.3 21.1 22 17 22 12c0-5.5-4.5-10-10-10z\"><\/path><\/svg><\/a><\/li><\/ul>\n\n\n\n<hr class=\"wp-block-separator\"\/>\n","protected":false},"excerpt":{"rendered":"<p>Que ce soit pour des projets neufs ou de r\u00e9novation, b\u00e9n\u00e9ficiez de notre savoir faire et de notre professionnalisme pour vos diff\u00e9rents travaux de couverture et de zinguerie. Nous r\u00e9alisons \u00e9galement la pose et le remplacement de goutti\u00e8res, cheneaux &#8230;<\/p>\n","protected":false},"author":1,"featured_media":0,"parent":0,"menu_order":0,"comment_status":"closed","ping_status":"open","template":"","meta":[],"_links":{"self":[{"href":"https:\/\/scaer-couverture.bzh\/index.php?rest_route=\/wp\/v2\/pages\/2"}],"collection":[{"href":"https:\/\/scaer-couverture.bzh\/index.php?rest_route=\/wp\/v2\/pages"}],"about":[{"href":"https:\/\/scaer-couverture.bzh\/index.php?rest_route=\/wp\/v2\/types\/page"}],"author":[{"embeddable":true,"href":"https:\/\/scaer-couverture.bzh\/index.php?rest_route=\/wp\/v2\/users\/1"}],"replies":[{"embeddable":true,"href":"https:\/\/scaer-couverture.bzh\/index.php?rest_route=%2Fwp%2Fv2%2Fcomments&post=2"}],"version-history":[{"count":6,"href":"https:\/\/scaer-couverture.bzh\/index.php?rest_route=\/wp\/v2\/pages\/2\/revisions"}],"predecessor-version":[{"id":329,"href":"https:\/\/scaer-couverture.bzh\/index.php?rest_route=\/wp\/v2\/pages\/2\/revisions\/329"}],"wp:attachment":[{"href":"https:\/\/scaer-couverture.bzh\/index.php?rest_route=%2Fwp%2Fv2%2Fmedia&parent=2"}],"curies":[{"name":"wp","href":"https:\/\/api.w.org\/{rel}","templated":true}]}}