{"id":148,"date":"2021-01-11T13:57:19","date_gmt":"2021-01-11T12:57:19","guid":{"rendered":"http:\/\/scaer-couverture.bzh\/?page_id=148"},"modified":"2025-12-18T16:01:24","modified_gmt":"2025-12-18T15:01:24","slug":"qui-sommes-nous","status":"publish","type":"page","link":"https:\/\/scaer-couverture.bzh\/?page_id=148","title":{"rendered":"Qui sommes nous ?"},"content":{"rendered":"\n<div class=\"wp-block-image\"><figure class=\"aligncenter size-large is-resized\"><img loading=\"lazy\" src=\"https:\/\/scaer-couverture.bzh\/wp-content\/uploads\/2021\/01\/20210107_133221-1-edited-scaled.jpg\" alt=\"\" class=\"wp-image-154\" width=\"852\" height=\"479\" srcset=\"https:\/\/scaer-couverture.bzh\/wp-content\/uploads\/2021\/01\/20210107_133221-1-edited-scaled.jpg 2560w, https:\/\/scaer-couverture.bzh\/wp-content\/uploads\/2021\/01\/20210107_133221-1-edited-300x169.jpg 300w, https:\/\/scaer-couverture.bzh\/wp-content\/uploads\/2021\/01\/20210107_133221-1-edited-1024x576.jpg 1024w, https:\/\/scaer-couverture.bzh\/wp-content\/uploads\/2021\/01\/20210107_133221-1-edited-768x432.jpg 768w, https:\/\/scaer-couverture.bzh\/wp-content\/uploads\/2021\/01\/20210107_133221-1-edited-1536x864.jpg 1536w, https:\/\/scaer-couverture.bzh\/wp-content\/uploads\/2021\/01\/20210107_133221-1-edited-2048x1152.jpg 2048w\" sizes=\"(max-width: 852px) 100vw, 852px\" \/><\/figure><\/div>\n\n\n\n<hr class=\"wp-block-separator\"\/>\n\n\n\n<h3 class=\"has-text-align-center\">L&rsquo;\u00e9quipe<\/h3>\n\n\n\n<hr class=\"wp-block-separator\"\/>\n\n\n\n<div class=\"wp-block-media-text alignwide is-stacked-on-mobile\" style=\"grid-template-columns:17% auto\"><figure class=\"wp-block-media-text__media\"><img loading=\"lazy\" width=\"1024\" height=\"1009\" src=\"http:\/\/scaer-couverture.bzh\/wp-content\/uploads\/2021\/01\/Maeva-4-1024x1009.jpg\" alt=\"\" class=\"wp-image-204 size-full\" srcset=\"https:\/\/scaer-couverture.bzh\/wp-content\/uploads\/2021\/01\/Maeva-4-1024x1009.jpg 1024w, https:\/\/scaer-couverture.bzh\/wp-content\/uploads\/2021\/01\/Maeva-4-300x296.jpg 300w, https:\/\/scaer-couverture.bzh\/wp-content\/uploads\/2021\/01\/Maeva-4-768x757.jpg 768w, https:\/\/scaer-couverture.bzh\/wp-content\/uploads\/2021\/01\/Maeva-4-1536x1514.jpg 1536w, https:\/\/scaer-couverture.bzh\/wp-content\/uploads\/2021\/01\/Maeva-4-2048x2019.jpg 2048w\" sizes=\"(max-width: 1024px) 100vw, 1024px\" \/><\/figure><div class=\"wp-block-media-text__content\">\n<p class=\"has-text-align-left has-large-font-size\">Ma\u00e9va <\/p>\n\n\n\n<p>G\u00e9rante<\/p>\n\n\n\n<p><\/p>\n<\/div><\/div>\n\n\n\n<div class=\"wp-block-media-text alignwide has-media-on-the-right is-stacked-on-mobile\" style=\"grid-template-columns:auto 17%\"><figure class=\"wp-block-media-text__media\"><img loading=\"lazy\" width=\"768\" height=\"1024\" src=\"http:\/\/scaer-couverture.bzh\/wp-content\/uploads\/2023\/02\/photo-Estelle-768x1024.jpg\" alt=\"\" class=\"wp-image-253 size-full\" srcset=\"https:\/\/scaer-couverture.bzh\/wp-content\/uploads\/2023\/02\/photo-Estelle-768x1024.jpg 768w, https:\/\/scaer-couverture.bzh\/wp-content\/uploads\/2023\/02\/photo-Estelle-225x300.jpg 225w, https:\/\/scaer-couverture.bzh\/wp-content\/uploads\/2023\/02\/photo-Estelle-1152x1536.jpg 1152w, https:\/\/scaer-couverture.bzh\/wp-content\/uploads\/2023\/02\/photo-Estelle-1536x2048.jpg 1536w, https:\/\/scaer-couverture.bzh\/wp-content\/uploads\/2023\/02\/photo-Estelle-scaled.jpg 1920w\" sizes=\"(max-width: 768px) 100vw, 768px\" \/><\/figure><div class=\"wp-block-media-text__content\">\n<p class=\"has-text-align-right has-large-font-size\">Estelle <\/p>\n\n\n\n<p class=\"has-text-align-right\">Secr\u00e9taire<\/p>\n<\/div><\/div>\n\n\n\n<div class=\"wp-block-media-text alignwide is-stacked-on-mobile\" style=\"grid-template-columns:19% auto\"><figure class=\"wp-block-media-text__media\"><img loading=\"lazy\" width=\"1024\" height=\"1024\" src=\"http:\/\/scaer-couverture.bzh\/wp-content\/uploads\/2023\/02\/photo-Gilles2-1-1024x1024.jpg\" alt=\"\" class=\"wp-image-257 size-full\" srcset=\"https:\/\/scaer-couverture.bzh\/wp-content\/uploads\/2023\/02\/photo-Gilles2-1-1024x1024.jpg 1024w, https:\/\/scaer-couverture.bzh\/wp-content\/uploads\/2023\/02\/photo-Gilles2-1-300x300.jpg 300w, https:\/\/scaer-couverture.bzh\/wp-content\/uploads\/2023\/02\/photo-Gilles2-1-150x150.jpg 150w, https:\/\/scaer-couverture.bzh\/wp-content\/uploads\/2023\/02\/photo-Gilles2-1-768x768.jpg 768w, https:\/\/scaer-couverture.bzh\/wp-content\/uploads\/2023\/02\/photo-Gilles2-1-1536x1536.jpg 1536w, https:\/\/scaer-couverture.bzh\/wp-content\/uploads\/2023\/02\/photo-Gilles2-1-2048x2048.jpg 2048w, https:\/\/scaer-couverture.bzh\/wp-content\/uploads\/2023\/02\/photo-Gilles2-1-230x230.jpg 230w, https:\/\/scaer-couverture.bzh\/wp-content\/uploads\/2023\/02\/photo-Gilles2-1-330x330.jpg 330w\" sizes=\"(max-width: 1024px) 100vw, 1024px\" \/><\/figure><div class=\"wp-block-media-text__content\">\n<p class=\"has-text-align-left has-large-font-size\"> Gilles <\/p>\n\n\n\n<p class=\"has-text-align-left\">    Couvreur<\/p>\n<\/div><\/div>\n\n\n\n<div class=\"wp-block-group alignwide\"><div class=\"wp-block-group__inner-container\">\n<div class=\"wp-block-media-text alignwide has-media-on-the-right is-stacked-on-mobile\" style=\"grid-template-columns:auto 18%\"><figure class=\"wp-block-media-text__media\"><img loading=\"lazy\" width=\"1024\" height=\"1024\" src=\"http:\/\/scaer-couverture.bzh\/wp-content\/uploads\/2023\/02\/photo-Hugues2-1024x1024.jpg\" alt=\"\" class=\"wp-image-256 size-full\" srcset=\"https:\/\/scaer-couverture.bzh\/wp-content\/uploads\/2023\/02\/photo-Hugues2-1024x1024.jpg 1024w, https:\/\/scaer-couverture.bzh\/wp-content\/uploads\/2023\/02\/photo-Hugues2-300x300.jpg 300w, https:\/\/scaer-couverture.bzh\/wp-content\/uploads\/2023\/02\/photo-Hugues2-150x150.jpg 150w, https:\/\/scaer-couverture.bzh\/wp-content\/uploads\/2023\/02\/photo-Hugues2-768x768.jpg 768w, https:\/\/scaer-couverture.bzh\/wp-content\/uploads\/2023\/02\/photo-Hugues2-1536x1536.jpg 1536w, https:\/\/scaer-couverture.bzh\/wp-content\/uploads\/2023\/02\/photo-Hugues2-230x230.jpg 230w, https:\/\/scaer-couverture.bzh\/wp-content\/uploads\/2023\/02\/photo-Hugues2-330x330.jpg 330w, https:\/\/scaer-couverture.bzh\/wp-content\/uploads\/2023\/02\/photo-Hugues2.jpg 2022w\" sizes=\"(max-width: 1024px) 100vw, 1024px\" \/><\/figure><div class=\"wp-block-media-text__content\">\n<p class=\"has-text-align-right has-large-font-size\">Hugues                                                                                                                                                       <\/p>\n\n\n\n<p class=\"has-text-align-right\">Couvreur                                                                                                                                                                                               <\/p>\n<\/div><\/div>\n<\/div><\/div>\n\n\n\n<div class=\"wp-block-media-text alignwide is-stacked-on-mobile\" style=\"grid-template-columns:18% auto\"><figure class=\"wp-block-media-text__media\"><img loading=\"lazy\" width=\"1024\" height=\"1024\" src=\"http:\/\/scaer-couverture.bzh\/wp-content\/uploads\/2023\/09\/photoliam-1024x1024.jpg\" alt=\"\" class=\"wp-image-281 size-full\" srcset=\"https:\/\/scaer-couverture.bzh\/wp-content\/uploads\/2023\/09\/photoliam-1024x1024.jpg 1024w, https:\/\/scaer-couverture.bzh\/wp-content\/uploads\/2023\/09\/photoliam-300x300.jpg 300w, https:\/\/scaer-couverture.bzh\/wp-content\/uploads\/2023\/09\/photoliam-150x150.jpg 150w, https:\/\/scaer-couverture.bzh\/wp-content\/uploads\/2023\/09\/photoliam-768x768.jpg 768w, https:\/\/scaer-couverture.bzh\/wp-content\/uploads\/2023\/09\/photoliam-1536x1536.jpg 1536w, https:\/\/scaer-couverture.bzh\/wp-content\/uploads\/2023\/09\/photoliam-2048x2048.jpg 2048w, https:\/\/scaer-couverture.bzh\/wp-content\/uploads\/2023\/09\/photoliam-230x230.jpg 230w, https:\/\/scaer-couverture.bzh\/wp-content\/uploads\/2023\/09\/photoliam-330x330.jpg 330w\" sizes=\"(max-width: 1024px) 100vw, 1024px\" \/><\/figure><div class=\"wp-block-media-text__content\">\n<p class=\"has-text-align-left has-large-font-size\">Liam                                                                                                    <\/p>\n\n\n\n<p class=\"has-text-align-left has-large-font-size\"><sub>Apprenti BP Couvreur                                                                                                                                                                                               <\/sub><\/p>\n<\/div><\/div>\n\n\n\n<div class=\"wp-block-media-text alignwide has-media-on-the-right is-stacked-on-mobile\" style=\"grid-template-columns:auto 18%\"><figure class=\"wp-block-media-text__media\"><img loading=\"lazy\" width=\"1024\" height=\"1014\" src=\"http:\/\/scaer-couverture.bzh\/wp-content\/uploads\/2023\/09\/photomartin2-1024x1014.jpg\" alt=\"\" class=\"wp-image-282 size-full\" srcset=\"https:\/\/scaer-couverture.bzh\/wp-content\/uploads\/2023\/09\/photomartin2-1024x1014.jpg 1024w, https:\/\/scaer-couverture.bzh\/wp-content\/uploads\/2023\/09\/photomartin2-300x297.jpg 300w, https:\/\/scaer-couverture.bzh\/wp-content\/uploads\/2023\/09\/photomartin2-150x150.jpg 150w, https:\/\/scaer-couverture.bzh\/wp-content\/uploads\/2023\/09\/photomartin2-768x761.jpg 768w, https:\/\/scaer-couverture.bzh\/wp-content\/uploads\/2023\/09\/photomartin2-1536x1522.jpg 1536w, https:\/\/scaer-couverture.bzh\/wp-content\/uploads\/2023\/09\/photomartin2-2048x2029.jpg 2048w\" sizes=\"(max-width: 1024px) 100vw, 1024px\" \/><\/figure><div class=\"wp-block-media-text__content\">\n<p class=\"has-text-align-right has-large-font-size\">    Martin                                                                                                                                 <\/p>\n\n\n\n<p class=\"has-text-align-right\">           Couvreur                                                                                                                                                                                                                                                                                                                                                         <\/p>\n<\/div><\/div>\n\n\n\n<div class=\"wp-block-media-text alignwide is-stacked-on-mobile\" style=\"grid-template-columns:17% auto\"><figure class=\"wp-block-media-text__media\"><img loading=\"lazy\" width=\"1003\" height=\"1024\" src=\"https:\/\/scaer-couverture.bzh\/wp-content\/uploads\/2024\/02\/photoregis-2-1003x1024.jpg\" alt=\"\" class=\"wp-image-289 size-full\" srcset=\"https:\/\/scaer-couverture.bzh\/wp-content\/uploads\/2024\/02\/photoregis-2-1003x1024.jpg 1003w, https:\/\/scaer-couverture.bzh\/wp-content\/uploads\/2024\/02\/photoregis-2-294x300.jpg 294w, https:\/\/scaer-couverture.bzh\/wp-content\/uploads\/2024\/02\/photoregis-2-768x784.jpg 768w, https:\/\/scaer-couverture.bzh\/wp-content\/uploads\/2024\/02\/photoregis-2-1504x1536.jpg 1504w, https:\/\/scaer-couverture.bzh\/wp-content\/uploads\/2024\/02\/photoregis-2.jpg 1821w\" sizes=\"(max-width: 1003px) 100vw, 1003px\" \/><\/figure><div class=\"wp-block-media-text__content\">\n<p class=\"has-text-align-left has-large-font-size\">R\u00e9gis                                                                                                                                                       <\/p>\n\n\n\n<p class=\"has-text-align-left\">Couvreur                                                                                                                                                                                               <\/p>\n<\/div><\/div>\n\n\n\n<p><\/p>\n","protected":false},"excerpt":{"rendered":"<p>L&rsquo;\u00e9quipe Ma\u00e9va G\u00e9rante Estelle Secr\u00e9taire Gilles Couvreur Liam Apprenti BP Couvreur Martin Couvreur R\u00e9gis Couvreur<\/p>\n","protected":false},"author":1,"featured_media":0,"parent":0,"menu_order":0,"comment_status":"closed","ping_status":"closed","template":"","meta":[],"_links":{"self":[{"href":"https:\/\/scaer-couverture.bzh\/index.php?rest_route=\/wp\/v2\/pages\/148"}],"collection":[{"href":"https:\/\/scaer-couverture.bzh\/index.php?rest_route=\/wp\/v2\/pages"}],"about":[{"href":"https:\/\/scaer-couverture.bzh\/index.php?rest_route=\/wp\/v2\/types\/page"}],"author":[{"embeddable":true,"href":"https:\/\/scaer-couverture.bzh\/index.php?rest_route=\/wp\/v2\/users\/1"}],"replies":[{"embeddable":true,"href":"https:\/\/scaer-couverture.bzh\/index.php?rest_route=%2Fwp%2Fv2%2Fcomments&post=148"}],"version-history":[{"count":32,"href":"https:\/\/scaer-couverture.bzh\/index.php?rest_route=\/wp\/v2\/pages\/148\/revisions"}],"predecessor-version":[{"id":324,"href":"https:\/\/scaer-couverture.bzh\/index.php?rest_route=\/wp\/v2\/pages\/148\/revisions\/324"}],"wp:attachment":[{"href":"https:\/\/scaer-couverture.bzh\/index.php?rest_route=%2Fwp%2Fv2%2Fmedia&parent=148"}],"curies":[{"name":"wp","href":"https:\/\/api.w.org\/{rel}","templated":true}]}}